{"id":364,"date":"2021-02-02T01:55:39","date_gmt":"2021-02-02T01:55:39","guid":{"rendered":"https:\/\/campingshippagan.ca\/?page_id=364"},"modified":"2024-12-11T22:26:06","modified_gmt":"2024-12-12T01:56:06","slug":"plan-et-commodites-camping-shippagan-reservation-camping-new-brunswick","status":"publish","type":"page","link":"https:\/\/campingshippagan.ca\/en\/terrain-de-camping-a-shippagan-parc-pour-vehicules-recreatifs-reservation-camping\/plan-et-commodites-camping-shippagan-reservation-camping-new-brunswick\/","title":{"rendered":"Amenities"},"content":{"rendered":"<div data-elementor-type=\"wp-page\" data-elementor-id=\"364\" class=\"elementor elementor-364\" data-elementor-post-type=\"page\">\n\t\t\t\t\t\t<section class=\"elementor-section elementor-top-section elementor-element elementor-element-21eaac12 elementor-section-full_width elementor-section-height-default elementor-section-height-default\" data-id=\"21eaac12\" data-element_type=\"section\" data-e-type=\"section\" data-settings=\"{&quot;background_background&quot;:&quot;classic&quot;}\">\n\t\t\t\t\t\t\t<div class=\"elementor-background-overlay\"><\/div>\n\t\t\t\t\t\t\t<div class=\"elementor-container elementor-column-gap-no\">\n\t\t\t\t\t<div class=\"elementor-column elementor-col-100 elementor-top-column elementor-element elementor-element-4e206efd elementor-invisible\" data-id=\"4e206efd\" data-element_type=\"column\" data-e-type=\"column\" data-settings=\"{&quot;background_background&quot;:&quot;classic&quot;,&quot;animation&quot;:&quot;fadeIn&quot;}\">\n\t\t\t<div class=\"elementor-widget-wrap elementor-element-populated\">\n\t\t\t\t\t<div class=\"elementor-background-overlay\"><\/div>\n\t\t\t\t\t\t<div class=\"elementor-element elementor-element-42bdf3c2 elementor-widget elementor-widget-heading\" data-id=\"42bdf3c2\" data-element_type=\"widget\" data-e-type=\"widget\" data-widget_type=\"heading.default\">\n\t\t\t\t<div class=\"elementor-widget-container\">\n\t\t\t\t\t<h2 class=\"elementor-heading-title elementor-size-default\">Amenities<\/h2>\t\t\t\t<\/div>\n\t\t\t\t<\/div>\n\t\t\t\t\t<\/div>\n\t\t<\/div>\n\t\t\t\t\t<\/div>\n\t\t<\/section>\n\t\t\t\t<section class=\"elementor-section elementor-top-section elementor-element elementor-element-196220d elementor-section-boxed elementor-section-height-default elementor-section-height-default\" data-id=\"196220d\" data-element_type=\"section\" data-e-type=\"section\">\n\t\t\t\t\t\t<div class=\"elementor-container elementor-column-gap-default\">\n\t\t\t\t\t<div class=\"elementor-column elementor-col-100 elementor-top-column elementor-element elementor-element-516e465\" data-id=\"516e465\" data-element_type=\"column\" data-e-type=\"column\">\n\t\t\t<div class=\"elementor-widget-wrap elementor-element-populated\">\n\t\t\t\t\t\t<div class=\"elementor-element elementor-element-1608601 elementor-widget elementor-widget-spacer\" data-id=\"1608601\" data-element_type=\"widget\" data-e-type=\"widget\" data-widget_type=\"spacer.default\">\n\t\t\t\t<div class=\"elementor-widget-container\">\n\t\t\t\t\t\t\t<div class=\"elementor-spacer\">\n\t\t\t<div class=\"elementor-spacer-inner\"><\/div>\n\t\t<\/div>\n\t\t\t\t\t\t<\/div>\n\t\t\t\t<\/div>\n\t\t\t\t\t<\/div>\n\t\t<\/div>\n\t\t\t\t\t<\/div>\n\t\t<\/section>\n\t\t\t\t<section class=\"elementor-section elementor-top-section elementor-element elementor-element-da73d85 elementor-section-boxed elementor-section-height-default elementor-section-height-default\" data-id=\"da73d85\" data-element_type=\"section\" data-e-type=\"section\">\n\t\t\t\t\t\t<div class=\"elementor-container elementor-column-gap-default\">\n\t\t\t\t\t<div class=\"elementor-column elementor-col-100 elementor-top-column elementor-element elementor-element-50e0c86\" data-id=\"50e0c86\" data-element_type=\"column\" data-e-type=\"column\">\n\t\t\t<div class=\"elementor-widget-wrap elementor-element-populated\">\n\t\t\t\t\t\t<div class=\"elementor-element elementor-element-a426aab elementor-widget elementor-widget-text-editor\" data-id=\"a426aab\" data-element_type=\"widget\" data-e-type=\"widget\" data-widget_type=\"text-editor.default\">\n\t\t\t\t<div class=\"elementor-widget-container\">\n\t\t\t\t\t\t\t\t\t<p><strong>Our campsite map allows you to see where your chosen campsite is located as well as the\nvarious amenities.<\/strong><\/p>\t\t\t\t\t\t\t\t<\/div>\n\t\t\t\t<\/div>\n\t\t\t\t\t<\/div>\n\t\t<\/div>\n\t\t\t\t\t<\/div>\n\t\t<\/section>\n\t\t\t\t<section class=\"elementor-section elementor-top-section elementor-element elementor-element-7b58d98e elementor-section-boxed elementor-section-height-default elementor-section-height-default elementor-invisible\" data-id=\"7b58d98e\" data-element_type=\"section\" data-e-type=\"section\" data-settings=\"{&quot;animation&quot;:&quot;fadeIn&quot;}\">\n\t\t\t\t\t\t<div class=\"elementor-container elementor-column-gap-default\">\n\t\t\t\t\t<div class=\"elementor-column elementor-col-50 elementor-top-column elementor-element elementor-element-7f8c0d1f\" data-id=\"7f8c0d1f\" data-element_type=\"column\" data-e-type=\"column\">\n\t\t\t<div class=\"elementor-widget-wrap elementor-element-populated\">\n\t\t\t\t\t\t<div class=\"elementor-element elementor-element-4557369c elementor-widget elementor-widget-image\" data-id=\"4557369c\" data-element_type=\"widget\" data-e-type=\"widget\" data-widget_type=\"image.default\">\n\t\t\t\t<div class=\"elementor-widget-container\">\n\t\t\t\t\t\t\t\t\t\t\t\t\t\t\t\t<a href=\"https:\/\/campingshippagan.ca\/wp-content\/uploads\/2021\/02\/map-shippagan.jpg\" data-elementor-open-lightbox=\"yes\" data-elementor-lightbox-title=\"Plan du Camping Shippagan - Attrait Quoi faire Camping Shippagan - Nouveau-Brunswick N.B - R\u00e9servation - Plein Air\" data-elementor-lightbox-description=\"Plan du Camping Shippagan - Attrait Quoi faire Camping Shippagan - Nouveau-Brunswick N.B - R\u00e9servation - Plein Air\" data-e-action-hash=\"#elementor-action%3Aaction%3Dlightbox%26settings%3DeyJpZCI6MTY3MywidXJsIjoiaHR0cHM6XC9cL2NhbXBpbmdzaGlwcGFnYW4uY2FcL3dwLWNvbnRlbnRcL3VwbG9hZHNcLzIwMjFcLzAyXC9tYXAtc2hpcHBhZ2FuLmpwZyJ9\">\n\t\t\t\t\t\t\t<img fetchpriority=\"high\" decoding=\"async\" width=\"1584\" height=\"1224\" src=\"https:\/\/campingshippagan.ca\/wp-content\/uploads\/2021\/02\/map-shippagan.jpg\" class=\"elementor-animation-grow attachment-2048x2048 size-2048x2048 wp-image-1673\" alt=\"Plan du Camping Shippagan - Attrait Quoi faire Camping Shippagan - Nouveau-Brunswick N.B - R\u00e9servation - Plein Air\" srcset=\"https:\/\/campingshippagan.ca\/wp-content\/uploads\/2021\/02\/map-shippagan.jpg 1584w, https:\/\/campingshippagan.ca\/wp-content\/uploads\/2021\/02\/map-shippagan-300x232.jpg 300w, https:\/\/campingshippagan.ca\/wp-content\/uploads\/2021\/02\/map-shippagan-1024x791.jpg 1024w, https:\/\/campingshippagan.ca\/wp-content\/uploads\/2021\/02\/map-shippagan-768x593.jpg 768w, https:\/\/campingshippagan.ca\/wp-content\/uploads\/2021\/02\/map-shippagan-1536x1187.jpg 1536w\" sizes=\"(max-width: 1584px) 100vw, 1584px\" \/>\t\t\t\t\t\t\t\t<\/a>\n\t\t\t\t\t\t\t\t\t\t\t\t\t\t\t<\/div>\n\t\t\t\t<\/div>\n\t\t\t\t\t<\/div>\n\t\t<\/div>\n\t\t\t\t<div class=\"elementor-column elementor-col-50 elementor-top-column elementor-element elementor-element-6a30695b\" data-id=\"6a30695b\" data-element_type=\"column\" data-e-type=\"column\">\n\t\t\t<div class=\"elementor-widget-wrap elementor-element-populated\">\n\t\t\t\t\t\t<div class=\"elementor-element elementor-element-619e7ba elementor-widget elementor-widget-heading\" data-id=\"619e7ba\" data-element_type=\"widget\" data-e-type=\"widget\" data-widget_type=\"heading.default\">\n\t\t\t\t<div class=\"elementor-widget-container\">\n\t\t\t\t\t<h2 class=\"elementor-heading-title elementor-size-default\">Here is an overview of our amenities: <\/h2>\t\t\t\t<\/div>\n\t\t\t\t<\/div>\n\t\t\t\t<div class=\"elementor-element elementor-element-2e0378c elementor-widget elementor-widget-text-editor\" data-id=\"2e0378c\" data-element_type=\"widget\" data-e-type=\"widget\" data-widget_type=\"text-editor.default\">\n\t\t\t\t<div class=\"elementor-widget-container\">\n\t\t\t\t\t\t\t\t\t<ul><li><p><strong>Sparsely wooded, semi-wooded or wooded site;<\/strong><\/p><\/li><li><p><strong>15 amp (section D) and 30 amp (section A, B and C) sites available;<\/strong><\/p><\/li><li><p><strong>Wifi at the reception;<\/strong><\/p><\/li><li><p><strong>Site including 3 services (water, sewer and electricity);<\/strong><\/p><\/li><li><p><strong>Site including 2 services (water and electricity);<\/strong><\/p><\/li><li><p><strong>Site without service;<\/strong><\/p><\/li><li><p><strong>Sanitary facilities including free showers;<\/strong><\/p><\/li><li><p><strong>Fire rings;<\/strong><\/p><\/li><li><p><strong>Wood and ice for sale at the reception;<\/strong><\/p><\/li><li><p><strong>Access for people with reduced mobility (section C);<\/strong><\/p><\/li><li><p><strong>Pets allowed on a leash;<\/strong><\/p><\/li><li><strong>Dump station;<\/strong><\/li><li><strong>Sites for seasonal campers;<\/strong><\/li><li><strong>Free showers;<\/strong><\/li><li><strong>Laundromat;<\/strong><\/li><li><strong>Public parking;<\/strong><\/li><li><strong>Etc.<\/strong><\/li><\/ul>\t\t\t\t\t\t\t\t<\/div>\n\t\t\t\t<\/div>\n\t\t\t\t<div class=\"elementor-element elementor-element-2b8c768c elementor-align-right elementor-button-info elementor-widget elementor-widget-button\" data-id=\"2b8c768c\" data-element_type=\"widget\" data-e-type=\"widget\" data-widget_type=\"button.default\">\n\t\t\t\t<div class=\"elementor-widget-container\">\n\t\t\t\t\t\t\t\t\t<div class=\"elementor-button-wrapper\">\n\t\t\t\t\t<a class=\"elementor-button elementor-button-link elementor-size-sm\" href=\"https:\/\/campingshippagan.ca\/en\/reservation\/\">\n\t\t\t\t\t\t<span class=\"elementor-button-content-wrapper\">\n\t\t\t\t\t\t\t\t\t<span class=\"elementor-button-text\">Reserve today<\/span>\n\t\t\t\t\t<\/span>\n\t\t\t\t\t<\/a>\n\t\t\t\t<\/div>\n\t\t\t\t\t\t\t\t<\/div>\n\t\t\t\t<\/div>\n\t\t\t\t\t<\/div>\n\t\t<\/div>\n\t\t\t\t\t<\/div>\n\t\t<\/section>\n\t\t\t\t<section class=\"elementor-section elementor-top-section elementor-element elementor-element-09823b4 elementor-section-full_width elementor-section-height-default elementor-section-height-default elementor-invisible\" data-id=\"09823b4\" data-element_type=\"section\" data-e-type=\"section\" data-settings=\"{&quot;background_background&quot;:&quot;classic&quot;,&quot;animation&quot;:&quot;fadeIn&quot;}\">\n\t\t\t\t\t\t<div class=\"elementor-container elementor-column-gap-default\">\n\t\t\t\t\t<div class=\"elementor-column elementor-col-100 elementor-top-column elementor-element elementor-element-27095fe\" data-id=\"27095fe\" data-element_type=\"column\" data-e-type=\"column\" data-settings=\"{&quot;background_background&quot;:&quot;classic&quot;}\">\n\t\t\t<div class=\"elementor-widget-wrap elementor-element-populated\">\n\t\t\t\t\t\t<section class=\"elementor-section elementor-inner-section elementor-element elementor-element-4210ebc elementor-section-boxed elementor-section-height-default elementor-section-height-default\" data-id=\"4210ebc\" data-element_type=\"section\" data-e-type=\"section\">\n\t\t\t\t\t\t<div class=\"elementor-container elementor-column-gap-default\">\n\t\t\t\t\t<div class=\"elementor-column elementor-col-50 elementor-inner-column elementor-element elementor-element-07d64e7\" data-id=\"07d64e7\" data-element_type=\"column\" data-e-type=\"column\">\n\t\t\t<div class=\"elementor-widget-wrap elementor-element-populated\">\n\t\t\t\t\t\t<div class=\"elementor-element elementor-element-2d6b05a elementor-widget elementor-widget-heading\" data-id=\"2d6b05a\" data-element_type=\"widget\" data-e-type=\"widget\" data-widget_type=\"heading.default\">\n\t\t\t\t<div class=\"elementor-widget-container\">\n\t\t\t\t\t<h5 class=\"elementor-heading-title elementor-size-default\">In need of information ?<\/h5>\t\t\t\t<\/div>\n\t\t\t\t<\/div>\n\t\t\t\t<div class=\"elementor-element elementor-element-7055fb8 elementor-icon-list--layout-traditional elementor-list-item-link-full_width elementor-widget elementor-widget-icon-list\" data-id=\"7055fb8\" data-element_type=\"widget\" data-e-type=\"widget\" data-widget_type=\"icon-list.default\">\n\t\t\t\t<div class=\"elementor-widget-container\">\n\t\t\t\t\t\t\t<ul class=\"elementor-icon-list-items\">\n\t\t\t\t\t\t\t<li class=\"elementor-icon-list-item\">\n\t\t\t\t\t\t\t\t\t\t\t<a href=\"https:\/\/campingshippagan.ca\/en\/contactez-nous\/\">\n\n\t\t\t\t\t\t\t\t\t\t\t\t<span class=\"elementor-icon-list-icon\">\n\t\t\t\t\t\t\t<i aria-hidden=\"true\" class=\"fab fa-whatsapp\"><\/i>\t\t\t\t\t\t<\/span>\n\t\t\t\t\t\t\t\t\t\t<span class=\"elementor-icon-list-text\">Call us!<\/span>\n\t\t\t\t\t\t\t\t\t\t\t<\/a>\n\t\t\t\t\t\t\t\t\t<\/li>\n\t\t\t\t\t\t<\/ul>\n\t\t\t\t\t\t<\/div>\n\t\t\t\t<\/div>\n\t\t\t\t\t<\/div>\n\t\t<\/div>\n\t\t\t\t<div class=\"elementor-column elementor-col-50 elementor-inner-column elementor-element elementor-element-5312842\" data-id=\"5312842\" data-element_type=\"column\" data-e-type=\"column\">\n\t\t\t<div class=\"elementor-widget-wrap elementor-element-populated\">\n\t\t\t\t\t\t<div class=\"elementor-element elementor-element-9c45264 elementor-widget elementor-widget-text-editor\" data-id=\"9c45264\" data-element_type=\"widget\" data-e-type=\"widget\" data-widget_type=\"text-editor.default\">\n\t\t\t\t<div class=\"elementor-widget-container\">\n\t\t\t\t\t\t\t\t\t<strong>For any questions or requests for information, contact us!\u00a0<\/strong>\n\n<strong>We will be happy to <span style=\"white-space:nowrap;\">help you!&nbsp;<\/span><\/strong>\t\t\t\t\t\t\t\t<\/div>\n\t\t\t\t<\/div>\n\t\t\t\t\t<\/div>\n\t\t<\/div>\n\t\t\t\t\t<\/div>\n\t\t<\/section>\n\t\t\t\t\t<\/div>\n\t\t<\/div>\n\t\t\t\t\t<\/div>\n\t\t<\/section>\n\t\t\t\t<\/div>","protected":false},"excerpt":{"rendered":"<p>Plan et commodit\u00e9s Notre plan du camping vous permet de voir o\u00f9 se situe le terrain de camping choisi ainsi que les diff\u00e9rentes commodit\u00e9s. Voici un aper\u00e7u de nos commodit\u00e9s\u00a0: Site peu bois\u00e9, semi-bois\u00e9 ou bois\u00e9; Site de15 amp\u00e8res (section D) et de 30 amp\u00e8res (section A, B et C) de disponibles; Wifi \u00e0 l\u2019accueil; [&hellip;]<\/p>\n","protected":false},"author":1,"featured_media":0,"parent":361,"menu_order":0,"comment_status":"closed","ping_status":"closed","template":"elementor_header_footer","meta":{"footnotes":""},"class_list":["post-364","page","type-page","status-publish","hentry"],"yoast_head":"<!-- This site is optimized with the Yoast SEO plugin v26.8 - https:\/\/yoast.com\/product\/yoast-seo-wordpress\/ -->\n<title>Plan et commodit\u00e9s - Terrain de Camping Shippagan - Ou dormir<\/title>\n<meta name=\"description\" content=\"Plan et commodit\u00e9sCamping Shippagan - R\u00e9servation Camping - New-Brunswick - Terrain de camping - Camping R\u00e9servation\" \/>\n<meta name=\"robots\" content=\"index, follow, max-snippet:-1, max-image-preview:large, max-video-preview:-1\" \/>\n<link rel=\"canonical\" href=\"https:\/\/campingshippagan.ca\/en\/terrain-de-camping-a-shippagan-parc-pour-vehicules-recreatifs-reservation-camping\/plan-et-commodites-camping-shippagan-reservation-camping-new-brunswick\/\" \/>\n<meta property=\"og:locale\" content=\"en_US\" \/>\n<meta property=\"og:type\" content=\"article\" \/>\n<meta property=\"og:title\" content=\"Plan et commodit\u00e9s - Terrain de Camping Shippagan - Ou dormir\" \/>\n<meta property=\"og:description\" content=\"Plan et commodit\u00e9sCamping Shippagan - R\u00e9servation Camping - New-Brunswick - Terrain de camping - Camping R\u00e9servation\" \/>\n<meta property=\"og:url\" content=\"https:\/\/campingshippagan.ca\/en\/terrain-de-camping-a-shippagan-parc-pour-vehicules-recreatifs-reservation-camping\/plan-et-commodites-camping-shippagan-reservation-camping-new-brunswick\/\" \/>\n<meta property=\"og:site_name\" content=\"Camping Shippagan\" \/>\n<meta property=\"article:modified_time\" content=\"2024-12-12T01:56:06+00:00\" \/>\n<meta property=\"og:image\" content=\"https:\/\/campingshippagan.ca\/wp-content\/uploads\/2021\/02\/map-shippagan.jpg\" \/>\n\t<meta property=\"og:image:width\" content=\"1584\" \/>\n\t<meta property=\"og:image:height\" content=\"1224\" \/>\n\t<meta property=\"og:image:type\" content=\"image\/jpeg\" \/>\n<meta name=\"twitter:card\" content=\"summary_large_image\" \/>\n<meta name=\"twitter:label1\" content=\"Est. reading time\" \/>\n\t<meta name=\"twitter:data1\" content=\"1 minute\" \/>\n<script type=\"application\/ld+json\" class=\"yoast-schema-graph\">{\"@context\":\"https:\/\/schema.org\",\"@graph\":[{\"@type\":\"WebPage\",\"@id\":\"https:\/\/campingshippagan.ca\/terrain-de-camping-a-shippagan-parc-pour-vehicules-recreatifs-reservation-camping\/plan-et-commodites-camping-shippagan-reservation-camping-new-brunswick\/\",\"url\":\"https:\/\/campingshippagan.ca\/terrain-de-camping-a-shippagan-parc-pour-vehicules-recreatifs-reservation-camping\/plan-et-commodites-camping-shippagan-reservation-camping-new-brunswick\/\",\"name\":\"Plan et commodit\u00e9s - Terrain de Camping Shippagan - Ou dormir\",\"isPartOf\":{\"@id\":\"https:\/\/campingshippagan.ca\/en\/#website\"},\"primaryImageOfPage\":{\"@id\":\"https:\/\/campingshippagan.ca\/terrain-de-camping-a-shippagan-parc-pour-vehicules-recreatifs-reservation-camping\/plan-et-commodites-camping-shippagan-reservation-camping-new-brunswick\/#primaryimage\"},\"image\":{\"@id\":\"https:\/\/campingshippagan.ca\/terrain-de-camping-a-shippagan-parc-pour-vehicules-recreatifs-reservation-camping\/plan-et-commodites-camping-shippagan-reservation-camping-new-brunswick\/#primaryimage\"},\"thumbnailUrl\":\"https:\/\/campingshippagan.ca\/wp-content\/uploads\/2021\/02\/map-shippagan.jpg\",\"datePublished\":\"2021-02-02T01:55:39+00:00\",\"dateModified\":\"2024-12-12T01:56:06+00:00\",\"description\":\"Plan et commodit\u00e9sCamping Shippagan - R\u00e9servation Camping - New-Brunswick - Terrain de camping - Camping R\u00e9servation\",\"breadcrumb\":{\"@id\":\"https:\/\/campingshippagan.ca\/terrain-de-camping-a-shippagan-parc-pour-vehicules-recreatifs-reservation-camping\/plan-et-commodites-camping-shippagan-reservation-camping-new-brunswick\/#breadcrumb\"},\"inLanguage\":\"en-CA\",\"potentialAction\":[{\"@type\":\"ReadAction\",\"target\":[\"https:\/\/campingshippagan.ca\/terrain-de-camping-a-shippagan-parc-pour-vehicules-recreatifs-reservation-camping\/plan-et-commodites-camping-shippagan-reservation-camping-new-brunswick\/\"]}]},{\"@type\":\"ImageObject\",\"inLanguage\":\"en-CA\",\"@id\":\"https:\/\/campingshippagan.ca\/terrain-de-camping-a-shippagan-parc-pour-vehicules-recreatifs-reservation-camping\/plan-et-commodites-camping-shippagan-reservation-camping-new-brunswick\/#primaryimage\",\"url\":\"https:\/\/campingshippagan.ca\/wp-content\/uploads\/2021\/02\/map-shippagan.jpg\",\"contentUrl\":\"https:\/\/campingshippagan.ca\/wp-content\/uploads\/2021\/02\/map-shippagan.jpg\"},{\"@type\":\"BreadcrumbList\",\"@id\":\"https:\/\/campingshippagan.ca\/terrain-de-camping-a-shippagan-parc-pour-vehicules-recreatifs-reservation-camping\/plan-et-commodites-camping-shippagan-reservation-camping-new-brunswick\/#breadcrumb\",\"itemListElement\":[{\"@type\":\"ListItem\",\"position\":1,\"name\":\"Accueil\",\"item\":\"https:\/\/campingshippagan.ca\/\"},{\"@type\":\"ListItem\",\"position\":2,\"name\":\"Camping\",\"item\":\"https:\/\/campingshippagan.ca\/terrain-de-camping-a-shippagan-parc-pour-vehicules-recreatifs-reservation-camping\/\"},{\"@type\":\"ListItem\",\"position\":3,\"name\":\"Plan et commodit\u00e9s\"}]},{\"@type\":\"WebSite\",\"@id\":\"https:\/\/campingshippagan.ca\/en\/#website\",\"url\":\"https:\/\/campingshippagan.ca\/en\/\",\"name\":\"Camping Shippagan\",\"description\":\"\",\"publisher\":{\"@id\":\"https:\/\/campingshippagan.ca\/en\/#organization\"},\"potentialAction\":[{\"@type\":\"SearchAction\",\"target\":{\"@type\":\"EntryPoint\",\"urlTemplate\":\"https:\/\/campingshippagan.ca\/en\/?s={search_term_string}\"},\"query-input\":{\"@type\":\"PropertyValueSpecification\",\"valueRequired\":true,\"valueName\":\"search_term_string\"}}],\"inLanguage\":\"en-CA\"},{\"@type\":\"Organization\",\"@id\":\"https:\/\/campingshippagan.ca\/en\/#organization\",\"name\":\"Camping Shippagan\",\"url\":\"https:\/\/campingshippagan.ca\/en\/\",\"logo\":{\"@type\":\"ImageObject\",\"inLanguage\":\"en-CA\",\"@id\":\"https:\/\/campingshippagan.ca\/en\/#\/schema\/logo\/image\/\",\"url\":\"https:\/\/campingshippagan.ca\/wp-content\/uploads\/2021\/01\/camping_logo_blanc_p.png\",\"contentUrl\":\"https:\/\/campingshippagan.ca\/wp-content\/uploads\/2021\/01\/camping_logo_blanc_p.png\",\"width\":100,\"height\":87,\"caption\":\"Camping Shippagan\"},\"image\":{\"@id\":\"https:\/\/campingshippagan.ca\/en\/#\/schema\/logo\/image\/\"}}]}<\/script>\n<!-- \/ Yoast SEO plugin. -->","yoast_head_json":{"title":"Plan et commodit\u00e9s - Terrain de Camping Shippagan - Ou dormir","description":"Plan et commodit\u00e9sCamping Shippagan - R\u00e9servation Camping - New-Brunswick - Terrain de camping - Camping R\u00e9servation","robots":{"index":"index","follow":"follow","max-snippet":"max-snippet:-1","max-image-preview":"max-image-preview:large","max-video-preview":"max-video-preview:-1"},"canonical":"https:\/\/campingshippagan.ca\/en\/terrain-de-camping-a-shippagan-parc-pour-vehicules-recreatifs-reservation-camping\/plan-et-commodites-camping-shippagan-reservation-camping-new-brunswick\/","og_locale":"en_US","og_type":"article","og_title":"Plan et commodit\u00e9s - Terrain de Camping Shippagan - Ou dormir","og_description":"Plan et commodit\u00e9sCamping Shippagan - R\u00e9servation Camping - New-Brunswick - Terrain de camping - Camping R\u00e9servation","og_url":"https:\/\/campingshippagan.ca\/en\/terrain-de-camping-a-shippagan-parc-pour-vehicules-recreatifs-reservation-camping\/plan-et-commodites-camping-shippagan-reservation-camping-new-brunswick\/","og_site_name":"Camping Shippagan","article_modified_time":"2024-12-12T01:56:06+00:00","og_image":[{"width":1584,"height":1224,"url":"https:\/\/campingshippagan.ca\/wp-content\/uploads\/2021\/02\/map-shippagan.jpg","type":"image\/jpeg"}],"twitter_card":"summary_large_image","twitter_misc":{"Est. reading time":"1 minute"},"schema":{"@context":"https:\/\/schema.org","@graph":[{"@type":"WebPage","@id":"https:\/\/campingshippagan.ca\/terrain-de-camping-a-shippagan-parc-pour-vehicules-recreatifs-reservation-camping\/plan-et-commodites-camping-shippagan-reservation-camping-new-brunswick\/","url":"https:\/\/campingshippagan.ca\/terrain-de-camping-a-shippagan-parc-pour-vehicules-recreatifs-reservation-camping\/plan-et-commodites-camping-shippagan-reservation-camping-new-brunswick\/","name":"Plan et commodit\u00e9s - Terrain de Camping Shippagan - Ou dormir","isPartOf":{"@id":"https:\/\/campingshippagan.ca\/en\/#website"},"primaryImageOfPage":{"@id":"https:\/\/campingshippagan.ca\/terrain-de-camping-a-shippagan-parc-pour-vehicules-recreatifs-reservation-camping\/plan-et-commodites-camping-shippagan-reservation-camping-new-brunswick\/#primaryimage"},"image":{"@id":"https:\/\/campingshippagan.ca\/terrain-de-camping-a-shippagan-parc-pour-vehicules-recreatifs-reservation-camping\/plan-et-commodites-camping-shippagan-reservation-camping-new-brunswick\/#primaryimage"},"thumbnailUrl":"https:\/\/campingshippagan.ca\/wp-content\/uploads\/2021\/02\/map-shippagan.jpg","datePublished":"2021-02-02T01:55:39+00:00","dateModified":"2024-12-12T01:56:06+00:00","description":"Plan et commodit\u00e9sCamping Shippagan - R\u00e9servation Camping - New-Brunswick - Terrain de camping - Camping R\u00e9servation","breadcrumb":{"@id":"https:\/\/campingshippagan.ca\/terrain-de-camping-a-shippagan-parc-pour-vehicules-recreatifs-reservation-camping\/plan-et-commodites-camping-shippagan-reservation-camping-new-brunswick\/#breadcrumb"},"inLanguage":"en-CA","potentialAction":[{"@type":"ReadAction","target":["https:\/\/campingshippagan.ca\/terrain-de-camping-a-shippagan-parc-pour-vehicules-recreatifs-reservation-camping\/plan-et-commodites-camping-shippagan-reservation-camping-new-brunswick\/"]}]},{"@type":"ImageObject","inLanguage":"en-CA","@id":"https:\/\/campingshippagan.ca\/terrain-de-camping-a-shippagan-parc-pour-vehicules-recreatifs-reservation-camping\/plan-et-commodites-camping-shippagan-reservation-camping-new-brunswick\/#primaryimage","url":"https:\/\/campingshippagan.ca\/wp-content\/uploads\/2021\/02\/map-shippagan.jpg","contentUrl":"https:\/\/campingshippagan.ca\/wp-content\/uploads\/2021\/02\/map-shippagan.jpg"},{"@type":"BreadcrumbList","@id":"https:\/\/campingshippagan.ca\/terrain-de-camping-a-shippagan-parc-pour-vehicules-recreatifs-reservation-camping\/plan-et-commodites-camping-shippagan-reservation-camping-new-brunswick\/#breadcrumb","itemListElement":[{"@type":"ListItem","position":1,"name":"Accueil","item":"https:\/\/campingshippagan.ca\/"},{"@type":"ListItem","position":2,"name":"Camping","item":"https:\/\/campingshippagan.ca\/terrain-de-camping-a-shippagan-parc-pour-vehicules-recreatifs-reservation-camping\/"},{"@type":"ListItem","position":3,"name":"Plan et commodit\u00e9s"}]},{"@type":"WebSite","@id":"https:\/\/campingshippagan.ca\/en\/#website","url":"https:\/\/campingshippagan.ca\/en\/","name":"Camping Shippagan","description":"","publisher":{"@id":"https:\/\/campingshippagan.ca\/en\/#organization"},"potentialAction":[{"@type":"SearchAction","target":{"@type":"EntryPoint","urlTemplate":"https:\/\/campingshippagan.ca\/en\/?s={search_term_string}"},"query-input":{"@type":"PropertyValueSpecification","valueRequired":true,"valueName":"search_term_string"}}],"inLanguage":"en-CA"},{"@type":"Organization","@id":"https:\/\/campingshippagan.ca\/en\/#organization","name":"Camping Shippagan","url":"https:\/\/campingshippagan.ca\/en\/","logo":{"@type":"ImageObject","inLanguage":"en-CA","@id":"https:\/\/campingshippagan.ca\/en\/#\/schema\/logo\/image\/","url":"https:\/\/campingshippagan.ca\/wp-content\/uploads\/2021\/01\/camping_logo_blanc_p.png","contentUrl":"https:\/\/campingshippagan.ca\/wp-content\/uploads\/2021\/01\/camping_logo_blanc_p.png","width":100,"height":87,"caption":"Camping Shippagan"},"image":{"@id":"https:\/\/campingshippagan.ca\/en\/#\/schema\/logo\/image\/"}}]}},"_links":{"self":[{"href":"https:\/\/campingshippagan.ca\/en\/wp-json\/wp\/v2\/pages\/364","targetHints":{"allow":["GET"]}}],"collection":[{"href":"https:\/\/campingshippagan.ca\/en\/wp-json\/wp\/v2\/pages"}],"about":[{"href":"https:\/\/campingshippagan.ca\/en\/wp-json\/wp\/v2\/types\/page"}],"author":[{"embeddable":true,"href":"https:\/\/campingshippagan.ca\/en\/wp-json\/wp\/v2\/users\/1"}],"replies":[{"embeddable":true,"href":"https:\/\/campingshippagan.ca\/en\/wp-json\/wp\/v2\/comments?post=364"}],"version-history":[{"count":142,"href":"https:\/\/campingshippagan.ca\/en\/wp-json\/wp\/v2\/pages\/364\/revisions"}],"predecessor-version":[{"id":3121,"href":"https:\/\/campingshippagan.ca\/en\/wp-json\/wp\/v2\/pages\/364\/revisions\/3121"}],"up":[{"embeddable":true,"href":"https:\/\/campingshippagan.ca\/en\/wp-json\/wp\/v2\/pages\/361"}],"wp:attachment":[{"href":"https:\/\/campingshippagan.ca\/en\/wp-json\/wp\/v2\/media?parent=364"}],"curies":[{"name":"wp","href":"https:\/\/api.w.org\/{rel}","templated":true}]}}