{"id":361,"date":"2021-02-02T01:53:55","date_gmt":"2021-02-02T01:53:55","guid":{"rendered":"https:\/\/campingshippagan.ca\/?page_id=361"},"modified":"2021-03-25T08:54:59","modified_gmt":"2021-03-25T11:24:59","slug":"terrain-de-camping-a-shippagan-parc-pour-vehicules-recreatifs-reservation-camping","status":"publish","type":"page","link":"https:\/\/campingshippagan.ca\/en\/terrain-de-camping-a-shippagan-parc-pour-vehicules-recreatifs-reservation-camping\/","title":{"rendered":"Camping"},"content":{"rendered":"","protected":false},"excerpt":{"rendered":"","protected":false},"author":1,"featured_media":0,"parent":0,"menu_order":0,"comment_status":"closed","ping_status":"closed","template":"elementor_header_footer","meta":{"footnotes":""},"class_list":["post-361","page","type-page","status-publish","hentry"],"yoast_head":"<!-- This site is optimized with the Yoast SEO plugin v26.8 - https:\/\/yoast.com\/product\/yoast-seo-wordpress\/ -->\n<title>Terrain de Camping \u00e0 Shippagan - Parc pour v\u00e9hicules r\u00e9cr\u00e9atifs<\/title>\n<meta name=\"description\" content=\"Terrain de Camping \u00e0 Shippagan - Camping au Nouveau-Brunswick - R\u00e9servation Camping - Sur le bord de la mer - Parc pour v\u00e9hicules r\u00e9cr\u00e9atifs\" \/>\n<meta name=\"robots\" content=\"index, follow, max-snippet:-1, max-image-preview:large, max-video-preview:-1\" \/>\n<link rel=\"canonical\" href=\"https:\/\/campingshippagan.ca\/en\/terrain-de-camping-a-shippagan-parc-pour-vehicules-recreatifs-reservation-camping\/\" \/>\n<meta property=\"og:locale\" content=\"en_US\" \/>\n<meta property=\"og:type\" content=\"article\" \/>\n<meta property=\"og:title\" content=\"Terrain de Camping \u00e0 Shippagan - Parc pour v\u00e9hicules r\u00e9cr\u00e9atifs\" \/>\n<meta property=\"og:description\" content=\"Terrain de Camping \u00e0 Shippagan - Camping au Nouveau-Brunswick - R\u00e9servation Camping - Sur le bord de la mer - Parc pour v\u00e9hicules r\u00e9cr\u00e9atifs\" \/>\n<meta property=\"og:url\" content=\"https:\/\/campingshippagan.ca\/en\/terrain-de-camping-a-shippagan-parc-pour-vehicules-recreatifs-reservation-camping\/\" \/>\n<meta property=\"og:site_name\" content=\"Camping Shippagan\" \/>\n<meta property=\"article:modified_time\" content=\"2021-03-25T11:24:59+00:00\" \/>\n<meta name=\"twitter:card\" content=\"summary_large_image\" \/>\n<script type=\"application\/ld+json\" class=\"yoast-schema-graph\">{\"@context\":\"https:\/\/schema.org\",\"@graph\":[{\"@type\":\"WebPage\",\"@id\":\"https:\/\/campingshippagan.ca\/terrain-de-camping-a-shippagan-parc-pour-vehicules-recreatifs-reservation-camping\/\",\"url\":\"https:\/\/campingshippagan.ca\/terrain-de-camping-a-shippagan-parc-pour-vehicules-recreatifs-reservation-camping\/\",\"name\":\"Terrain de Camping \u00e0 Shippagan - Parc pour v\u00e9hicules r\u00e9cr\u00e9atifs\",\"isPartOf\":{\"@id\":\"https:\/\/campingshippagan.ca\/en\/#website\"},\"datePublished\":\"2021-02-02T01:53:55+00:00\",\"dateModified\":\"2021-03-25T11:24:59+00:00\",\"description\":\"Terrain de Camping \u00e0 Shippagan - Camping au Nouveau-Brunswick - R\u00e9servation Camping - Sur le bord de la mer - Parc pour v\u00e9hicules r\u00e9cr\u00e9atifs\",\"breadcrumb\":{\"@id\":\"https:\/\/campingshippagan.ca\/terrain-de-camping-a-shippagan-parc-pour-vehicules-recreatifs-reservation-camping\/#breadcrumb\"},\"inLanguage\":\"en-CA\",\"potentialAction\":[{\"@type\":\"ReadAction\",\"target\":[\"https:\/\/campingshippagan.ca\/terrain-de-camping-a-shippagan-parc-pour-vehicules-recreatifs-reservation-camping\/\"]}]},{\"@type\":\"BreadcrumbList\",\"@id\":\"https:\/\/campingshippagan.ca\/terrain-de-camping-a-shippagan-parc-pour-vehicules-recreatifs-reservation-camping\/#breadcrumb\",\"itemListElement\":[{\"@type\":\"ListItem\",\"position\":1,\"name\":\"Accueil\",\"item\":\"https:\/\/campingshippagan.ca\/\"},{\"@type\":\"ListItem\",\"position\":2,\"name\":\"Camping\"}]},{\"@type\":\"WebSite\",\"@id\":\"https:\/\/campingshippagan.ca\/en\/#website\",\"url\":\"https:\/\/campingshippagan.ca\/en\/\",\"name\":\"Camping Shippagan\",\"description\":\"\",\"publisher\":{\"@id\":\"https:\/\/campingshippagan.ca\/en\/#organization\"},\"potentialAction\":[{\"@type\":\"SearchAction\",\"target\":{\"@type\":\"EntryPoint\",\"urlTemplate\":\"https:\/\/campingshippagan.ca\/en\/?s={search_term_string}\"},\"query-input\":{\"@type\":\"PropertyValueSpecification\",\"valueRequired\":true,\"valueName\":\"search_term_string\"}}],\"inLanguage\":\"en-CA\"},{\"@type\":\"Organization\",\"@id\":\"https:\/\/campingshippagan.ca\/en\/#organization\",\"name\":\"Camping Shippagan\",\"url\":\"https:\/\/campingshippagan.ca\/en\/\",\"logo\":{\"@type\":\"ImageObject\",\"inLanguage\":\"en-CA\",\"@id\":\"https:\/\/campingshippagan.ca\/en\/#\/schema\/logo\/image\/\",\"url\":\"https:\/\/campingshippagan.ca\/wp-content\/uploads\/2021\/01\/camping_logo_blanc_p.png\",\"contentUrl\":\"https:\/\/campingshippagan.ca\/wp-content\/uploads\/2021\/01\/camping_logo_blanc_p.png\",\"width\":100,\"height\":87,\"caption\":\"Camping Shippagan\"},\"image\":{\"@id\":\"https:\/\/campingshippagan.ca\/en\/#\/schema\/logo\/image\/\"}}]}<\/script>\n<!-- \/ Yoast SEO plugin. -->","yoast_head_json":{"title":"Terrain de Camping \u00e0 Shippagan - Parc pour v\u00e9hicules r\u00e9cr\u00e9atifs","description":"Terrain de Camping \u00e0 Shippagan - Camping au Nouveau-Brunswick - R\u00e9servation Camping - Sur le bord de la mer - Parc pour v\u00e9hicules r\u00e9cr\u00e9atifs","robots":{"index":"index","follow":"follow","max-snippet":"max-snippet:-1","max-image-preview":"max-image-preview:large","max-video-preview":"max-video-preview:-1"},"canonical":"https:\/\/campingshippagan.ca\/en\/terrain-de-camping-a-shippagan-parc-pour-vehicules-recreatifs-reservation-camping\/","og_locale":"en_US","og_type":"article","og_title":"Terrain de Camping \u00e0 Shippagan - Parc pour v\u00e9hicules r\u00e9cr\u00e9atifs","og_description":"Terrain de Camping \u00e0 Shippagan - Camping au Nouveau-Brunswick - R\u00e9servation Camping - Sur le bord de la mer - Parc pour v\u00e9hicules r\u00e9cr\u00e9atifs","og_url":"https:\/\/campingshippagan.ca\/en\/terrain-de-camping-a-shippagan-parc-pour-vehicules-recreatifs-reservation-camping\/","og_site_name":"Camping Shippagan","article_modified_time":"2021-03-25T11:24:59+00:00","twitter_card":"summary_large_image","schema":{"@context":"https:\/\/schema.org","@graph":[{"@type":"WebPage","@id":"https:\/\/campingshippagan.ca\/terrain-de-camping-a-shippagan-parc-pour-vehicules-recreatifs-reservation-camping\/","url":"https:\/\/campingshippagan.ca\/terrain-de-camping-a-shippagan-parc-pour-vehicules-recreatifs-reservation-camping\/","name":"Terrain de Camping \u00e0 Shippagan - Parc pour v\u00e9hicules r\u00e9cr\u00e9atifs","isPartOf":{"@id":"https:\/\/campingshippagan.ca\/en\/#website"},"datePublished":"2021-02-02T01:53:55+00:00","dateModified":"2021-03-25T11:24:59+00:00","description":"Terrain de Camping \u00e0 Shippagan - Camping au Nouveau-Brunswick - R\u00e9servation Camping - Sur le bord de la mer - Parc pour v\u00e9hicules r\u00e9cr\u00e9atifs","breadcrumb":{"@id":"https:\/\/campingshippagan.ca\/terrain-de-camping-a-shippagan-parc-pour-vehicules-recreatifs-reservation-camping\/#breadcrumb"},"inLanguage":"en-CA","potentialAction":[{"@type":"ReadAction","target":["https:\/\/campingshippagan.ca\/terrain-de-camping-a-shippagan-parc-pour-vehicules-recreatifs-reservation-camping\/"]}]},{"@type":"BreadcrumbList","@id":"https:\/\/campingshippagan.ca\/terrain-de-camping-a-shippagan-parc-pour-vehicules-recreatifs-reservation-camping\/#breadcrumb","itemListElement":[{"@type":"ListItem","position":1,"name":"Accueil","item":"https:\/\/campingshippagan.ca\/"},{"@type":"ListItem","position":2,"name":"Camping"}]},{"@type":"WebSite","@id":"https:\/\/campingshippagan.ca\/en\/#website","url":"https:\/\/campingshippagan.ca\/en\/","name":"Camping Shippagan","description":"","publisher":{"@id":"https:\/\/campingshippagan.ca\/en\/#organization"},"potentialAction":[{"@type":"SearchAction","target":{"@type":"EntryPoint","urlTemplate":"https:\/\/campingshippagan.ca\/en\/?s={search_term_string}"},"query-input":{"@type":"PropertyValueSpecification","valueRequired":true,"valueName":"search_term_string"}}],"inLanguage":"en-CA"},{"@type":"Organization","@id":"https:\/\/campingshippagan.ca\/en\/#organization","name":"Camping Shippagan","url":"https:\/\/campingshippagan.ca\/en\/","logo":{"@type":"ImageObject","inLanguage":"en-CA","@id":"https:\/\/campingshippagan.ca\/en\/#\/schema\/logo\/image\/","url":"https:\/\/campingshippagan.ca\/wp-content\/uploads\/2021\/01\/camping_logo_blanc_p.png","contentUrl":"https:\/\/campingshippagan.ca\/wp-content\/uploads\/2021\/01\/camping_logo_blanc_p.png","width":100,"height":87,"caption":"Camping Shippagan"},"image":{"@id":"https:\/\/campingshippagan.ca\/en\/#\/schema\/logo\/image\/"}}]}},"_links":{"self":[{"href":"https:\/\/campingshippagan.ca\/en\/wp-json\/wp\/v2\/pages\/361","targetHints":{"allow":["GET"]}}],"collection":[{"href":"https:\/\/campingshippagan.ca\/en\/wp-json\/wp\/v2\/pages"}],"about":[{"href":"https:\/\/campingshippagan.ca\/en\/wp-json\/wp\/v2\/types\/page"}],"author":[{"embeddable":true,"href":"https:\/\/campingshippagan.ca\/en\/wp-json\/wp\/v2\/users\/1"}],"replies":[{"embeddable":true,"href":"https:\/\/campingshippagan.ca\/en\/wp-json\/wp\/v2\/comments?post=361"}],"version-history":[{"count":1,"href":"https:\/\/campingshippagan.ca\/en\/wp-json\/wp\/v2\/pages\/361\/revisions"}],"predecessor-version":[{"id":363,"href":"https:\/\/campingshippagan.ca\/en\/wp-json\/wp\/v2\/pages\/361\/revisions\/363"}],"wp:attachment":[{"href":"https:\/\/campingshippagan.ca\/en\/wp-json\/wp\/v2\/media?parent=361"}],"curies":[{"name":"wp","href":"https:\/\/api.w.org\/{rel}","templated":true}]}}