{"id":209,"date":"2021-01-30T18:37:08","date_gmt":"2021-01-30T18:37:08","guid":{"rendered":"https:\/\/campingshippagan.ca\/?page_id=209"},"modified":"2021-04-12T10:20:48","modified_gmt":"2021-04-12T12:50:48","slug":"a-propos-camping-shippagan-attrait-activite-quoi-faire-nouveau-brunswick","status":"publish","type":"page","link":"https:\/\/campingshippagan.ca\/en\/a-propos-camping-shippagan-attrait-activite-quoi-faire-nouveau-brunswick\/","title":{"rendered":"\u00c0 propos"},"content":{"rendered":"<h2>\u00c0 propos<\/h2>\n<h1>En savoir plus<\/h1>\n<h6><a href=\"#\">Home<\/a> &gt; <a href=\"#\">\u00c0 propos<\/a><\/h6>\n<p><img loading=\"lazy\" decoding=\"async\" width=\"800\" height=\"534\" src=\"https:\/\/campingshippagan.ca\/wp-content\/uploads\/2021\/01\/10580850_10152247104436485_1087787033065503150_o.jpg\" alt=\"\" srcset=\"https:\/\/campingshippagan.ca\/wp-content\/uploads\/2021\/01\/10580850_10152247104436485_1087787033065503150_o.jpg 1024w, https:\/\/campingshippagan.ca\/wp-content\/uploads\/2021\/01\/10580850_10152247104436485_1087787033065503150_o-300x200.jpg 300w, https:\/\/campingshippagan.ca\/wp-content\/uploads\/2021\/01\/10580850_10152247104436485_1087787033065503150_o-768x512.jpg 768w\" sizes=\"auto, (max-width: 800px) 100vw, 800px\"><\/p>\n<h2>Qui sommes-nous?<\/h2>\n<h2>Le camping de la ville de Shippagan<\/h2>\n<p>Le camping de Shippagan vous propose un accueil chaleureux dans la P\u00e9ninsule Acadienne, pour un s\u00e9jour paisible et agr\u00e9able.<\/p>\n<p>Le camping est ouvert du&nbsp;<strong>1 Juin&nbsp;<\/strong>au<strong>&nbsp;9 Septembre 2018<\/strong>&nbsp;:<\/p>\n<ul>\n<li><strong>Arrival time: 1 p.m.<\/strong><\/li>\n<li><strong>Departure time: Noon<\/strong><\/li>\n<\/ul>\n<p><em>*Les animaux (chiens) sont accept\u00e9s mais doivent \u00eatre gard\u00e9s en laisse en tout temps.<\/em><\/p>\n<p><a href=\"#\" role=\"button\"><br \/>\nReserve today<br \/>\n<\/a><br \/>\n<a href=\"#\"><br \/>\n<\/a><\/p>\n<h2>Award Winner<\/h2>\n<p>Nemore, adolescens efficiendi te priurehir. Etnectrrew natum inciderint, eos exsolliore citudin gubergren sententiae efficiendies saepe. Integer adipiscing erat eget risuse pellentesque et non erat.<\/p>\n<p><a href=\"#\" role=\"button\"><br \/>\nRead More<br \/>\n<\/a><br \/>\n<a href=\"#\"><br \/>\n<\/a><\/p>\n<h2>Professional<\/h2>\n<p>Nemore, adolescens efficiendi te priurehir. Etnectrrew natum inciderint, eos exsolliore citudin gubergren sententiae efficiendies saepe. Integer adipiscing erat eget risuse pellentesque et non erat.<\/p>\n<p><a href=\"#\" role=\"button\"><br \/>\nRead More<br \/>\n<\/a><br \/>\n<a href=\"#\"><br \/>\n<\/a><\/p>\n<h2>Experienced<\/h2>\n<p>Nemore, adolescens efficiendi te priurehir. Etnectrrew natum inciderint, eos exsolliore citudin gubergren sententiae efficiendies saepe. Integer adipiscing erat eget risuse pellentesque et non erat.<\/p>\n<p><a href=\"#\" role=\"button\"><br \/>\nRead More<br \/>\n<\/a><\/p>\n<h2>Our Best Project<\/h2>\n<h2>Find Our Portfolio Here<\/h2>\n<p>Sed ut perspiciatis unde omnis iste natus error sit voluptatem accusantium doloremque laudantium, totam rem aperiam, eaque ipsa quae ab illo inventore veritatis et quasi architecto beatae. vitae dicta sunt explicabo. Nemo enim ipsam voluptatem.<\/p>\n<p><a href=\"#\" role=\"button\"><br \/>\nClick here<br \/>\n<\/a><br \/>\n<img loading=\"lazy\" decoding=\"async\" width=\"800\" height=\"550\" src=\"https:\/\/campingshippagan.ca\/wp-content\/uploads\/2021\/01\/modern-house-design-4C5Y5TM-1-web-1024x704.jpg\" alt=\"\" srcset=\"https:\/\/campingshippagan.ca\/wp-content\/uploads\/2021\/01\/modern-house-design-4C5Y5TM-1-web-1024x704.jpg 1024w, https:\/\/campingshippagan.ca\/wp-content\/uploads\/2021\/01\/modern-house-design-4C5Y5TM-1-web-300x206.jpg 300w, https:\/\/campingshippagan.ca\/wp-content\/uploads\/2021\/01\/modern-house-design-4C5Y5TM-1-web-768x528.jpg 768w, https:\/\/campingshippagan.ca\/wp-content\/uploads\/2021\/01\/modern-house-design-4C5Y5TM-1-web.jpg 1280w\" sizes=\"auto, (max-width: 800px) 100vw, 800px\"><\/p>\n<h5>Besoin d&rsquo;information ?<\/h5>\n<ul>\n<li>\n\t\t\t\t\t<a href=\"#\"><br \/>\nAppelez-nous!<br \/>\n<\/a><\/li>\n<\/ul>\n<p>Pour toutes questions ou demande d\u2019information, contactez-nous! C\u2019est avec plaisir que nous vous aiderons!&nbsp;<\/p>","protected":false},"excerpt":{"rendered":"<p>\u00c0 propos En savoir plus Accueil &gt; \u00c0 propos Qui sommes-nous? Le camping de la ville de Shippagan Le camping de Shippagan vous propose un accueil chaleureux dans la P\u00e9ninsule Acadienne, pour un s\u00e9jour paisible et agr\u00e9able. Le camping est ouvert du&nbsp;1 Juin&nbsp;au&nbsp;9 Septembre 2018&nbsp;: Heure d\u2019arriv\u00e9e : 13 h Heure de d\u00e9part : Midi [&hellip;]<\/p>\n","protected":false},"author":1,"featured_media":0,"parent":0,"menu_order":0,"comment_status":"closed","ping_status":"closed","template":"","meta":{"footnotes":""},"class_list":["post-209","page","type-page","status-publish","hentry"],"yoast_head":"<!-- This site is optimized with the Yoast SEO plugin v26.8 - https:\/\/yoast.com\/product\/yoast-seo-wordpress\/ -->\n<title>Camping Shippagan - Attrait - Activit\u00e9 Quoi faire - Nouveau-Brunswick<\/title>\n<meta name=\"description\" content=\"Camping Shippagan - Attrait - Activit\u00e9 Quoi faire - Nouveau-Brunswick N.B - R\u00e9servation - Plein Air -\" \/>\n<meta name=\"robots\" content=\"index, follow, max-snippet:-1, max-image-preview:large, max-video-preview:-1\" \/>\n<link rel=\"canonical\" href=\"https:\/\/campingshippagan.ca\/en\/a-propos-camping-shippagan-attrait-activite-quoi-faire-nouveau-brunswick\/\" \/>\n<meta property=\"og:locale\" content=\"en_US\" \/>\n<meta property=\"og:type\" content=\"article\" \/>\n<meta property=\"og:title\" content=\"Camping Shippagan - Attrait - Activit\u00e9 Quoi faire - Nouveau-Brunswick\" \/>\n<meta property=\"og:description\" content=\"Camping Shippagan - Attrait - Activit\u00e9 Quoi faire - Nouveau-Brunswick N.B - R\u00e9servation - Plein Air -\" \/>\n<meta property=\"og:url\" content=\"https:\/\/campingshippagan.ca\/en\/a-propos-camping-shippagan-attrait-activite-quoi-faire-nouveau-brunswick\/\" \/>\n<meta property=\"og:site_name\" content=\"Camping Shippagan\" \/>\n<meta property=\"article:modified_time\" content=\"2021-04-12T12:50:48+00:00\" \/>\n<meta property=\"og:image\" content=\"https:\/\/campingshippagan.ca\/wp-content\/uploads\/2021\/01\/10580850_10152247104436485_1087787033065503150_o.jpg\" \/>\n<meta name=\"twitter:card\" content=\"summary_large_image\" \/>\n<meta name=\"twitter:label1\" content=\"Est. reading time\" \/>\n\t<meta name=\"twitter:data1\" content=\"2 minutes\" \/>\n<script type=\"application\/ld+json\" class=\"yoast-schema-graph\">{\"@context\":\"https:\/\/schema.org\",\"@graph\":[{\"@type\":\"WebPage\",\"@id\":\"https:\/\/campingshippagan.ca\/a-propos-camping-shippagan-attrait-activite-quoi-faire-nouveau-brunswick\/\",\"url\":\"https:\/\/campingshippagan.ca\/a-propos-camping-shippagan-attrait-activite-quoi-faire-nouveau-brunswick\/\",\"name\":\"Camping Shippagan - Attrait - Activit\u00e9 Quoi faire - Nouveau-Brunswick\",\"isPartOf\":{\"@id\":\"https:\/\/campingshippagan.ca\/en\/#website\"},\"primaryImageOfPage\":{\"@id\":\"https:\/\/campingshippagan.ca\/a-propos-camping-shippagan-attrait-activite-quoi-faire-nouveau-brunswick\/#primaryimage\"},\"image\":{\"@id\":\"https:\/\/campingshippagan.ca\/a-propos-camping-shippagan-attrait-activite-quoi-faire-nouveau-brunswick\/#primaryimage\"},\"thumbnailUrl\":\"https:\/\/campingshippagan.ca\/wp-content\/uploads\/2021\/01\/10580850_10152247104436485_1087787033065503150_o.jpg\",\"datePublished\":\"2021-01-30T18:37:08+00:00\",\"dateModified\":\"2021-04-12T12:50:48+00:00\",\"description\":\"Camping Shippagan - Attrait - Activit\u00e9 Quoi faire - Nouveau-Brunswick N.B - R\u00e9servation - Plein Air -\",\"breadcrumb\":{\"@id\":\"https:\/\/campingshippagan.ca\/a-propos-camping-shippagan-attrait-activite-quoi-faire-nouveau-brunswick\/#breadcrumb\"},\"inLanguage\":\"en-CA\",\"potentialAction\":[{\"@type\":\"ReadAction\",\"target\":[\"https:\/\/campingshippagan.ca\/a-propos-camping-shippagan-attrait-activite-quoi-faire-nouveau-brunswick\/\"]}]},{\"@type\":\"ImageObject\",\"inLanguage\":\"en-CA\",\"@id\":\"https:\/\/campingshippagan.ca\/a-propos-camping-shippagan-attrait-activite-quoi-faire-nouveau-brunswick\/#primaryimage\",\"url\":\"https:\/\/campingshippagan.ca\/wp-content\/uploads\/2021\/01\/10580850_10152247104436485_1087787033065503150_o.jpg\",\"contentUrl\":\"https:\/\/campingshippagan.ca\/wp-content\/uploads\/2021\/01\/10580850_10152247104436485_1087787033065503150_o.jpg\"},{\"@type\":\"BreadcrumbList\",\"@id\":\"https:\/\/campingshippagan.ca\/a-propos-camping-shippagan-attrait-activite-quoi-faire-nouveau-brunswick\/#breadcrumb\",\"itemListElement\":[{\"@type\":\"ListItem\",\"position\":1,\"name\":\"Accueil\",\"item\":\"https:\/\/campingshippagan.ca\/\"},{\"@type\":\"ListItem\",\"position\":2,\"name\":\"\u00c0 propos\"}]},{\"@type\":\"WebSite\",\"@id\":\"https:\/\/campingshippagan.ca\/en\/#website\",\"url\":\"https:\/\/campingshippagan.ca\/en\/\",\"name\":\"Camping Shippagan\",\"description\":\"\",\"publisher\":{\"@id\":\"https:\/\/campingshippagan.ca\/en\/#organization\"},\"potentialAction\":[{\"@type\":\"SearchAction\",\"target\":{\"@type\":\"EntryPoint\",\"urlTemplate\":\"https:\/\/campingshippagan.ca\/en\/?s={search_term_string}\"},\"query-input\":{\"@type\":\"PropertyValueSpecification\",\"valueRequired\":true,\"valueName\":\"search_term_string\"}}],\"inLanguage\":\"en-CA\"},{\"@type\":\"Organization\",\"@id\":\"https:\/\/campingshippagan.ca\/en\/#organization\",\"name\":\"Camping Shippagan\",\"url\":\"https:\/\/campingshippagan.ca\/en\/\",\"logo\":{\"@type\":\"ImageObject\",\"inLanguage\":\"en-CA\",\"@id\":\"https:\/\/campingshippagan.ca\/en\/#\/schema\/logo\/image\/\",\"url\":\"https:\/\/campingshippagan.ca\/wp-content\/uploads\/2021\/01\/camping_logo_blanc_p.png\",\"contentUrl\":\"https:\/\/campingshippagan.ca\/wp-content\/uploads\/2021\/01\/camping_logo_blanc_p.png\",\"width\":100,\"height\":87,\"caption\":\"Camping Shippagan\"},\"image\":{\"@id\":\"https:\/\/campingshippagan.ca\/en\/#\/schema\/logo\/image\/\"}}]}<\/script>\n<!-- \/ Yoast SEO plugin. -->","yoast_head_json":{"title":"Camping Shippagan - Attrait - Activit\u00e9 Quoi faire - Nouveau-Brunswick","description":"Camping Shippagan - Attrait - Activit\u00e9 Quoi faire - Nouveau-Brunswick N.B - R\u00e9servation - Plein Air -","robots":{"index":"index","follow":"follow","max-snippet":"max-snippet:-1","max-image-preview":"max-image-preview:large","max-video-preview":"max-video-preview:-1"},"canonical":"https:\/\/campingshippagan.ca\/en\/a-propos-camping-shippagan-attrait-activite-quoi-faire-nouveau-brunswick\/","og_locale":"en_US","og_type":"article","og_title":"Camping Shippagan - Attrait - Activit\u00e9 Quoi faire - Nouveau-Brunswick","og_description":"Camping Shippagan - Attrait - Activit\u00e9 Quoi faire - Nouveau-Brunswick N.B - R\u00e9servation - Plein Air -","og_url":"https:\/\/campingshippagan.ca\/en\/a-propos-camping-shippagan-attrait-activite-quoi-faire-nouveau-brunswick\/","og_site_name":"Camping Shippagan","article_modified_time":"2021-04-12T12:50:48+00:00","og_image":[{"url":"https:\/\/campingshippagan.ca\/wp-content\/uploads\/2021\/01\/10580850_10152247104436485_1087787033065503150_o.jpg","type":"","width":"","height":""}],"twitter_card":"summary_large_image","twitter_misc":{"Est. reading time":"2 minutes"},"schema":{"@context":"https:\/\/schema.org","@graph":[{"@type":"WebPage","@id":"https:\/\/campingshippagan.ca\/a-propos-camping-shippagan-attrait-activite-quoi-faire-nouveau-brunswick\/","url":"https:\/\/campingshippagan.ca\/a-propos-camping-shippagan-attrait-activite-quoi-faire-nouveau-brunswick\/","name":"Camping Shippagan - Attrait - Activit\u00e9 Quoi faire - Nouveau-Brunswick","isPartOf":{"@id":"https:\/\/campingshippagan.ca\/en\/#website"},"primaryImageOfPage":{"@id":"https:\/\/campingshippagan.ca\/a-propos-camping-shippagan-attrait-activite-quoi-faire-nouveau-brunswick\/#primaryimage"},"image":{"@id":"https:\/\/campingshippagan.ca\/a-propos-camping-shippagan-attrait-activite-quoi-faire-nouveau-brunswick\/#primaryimage"},"thumbnailUrl":"https:\/\/campingshippagan.ca\/wp-content\/uploads\/2021\/01\/10580850_10152247104436485_1087787033065503150_o.jpg","datePublished":"2021-01-30T18:37:08+00:00","dateModified":"2021-04-12T12:50:48+00:00","description":"Camping Shippagan - Attrait - Activit\u00e9 Quoi faire - Nouveau-Brunswick N.B - R\u00e9servation - Plein Air -","breadcrumb":{"@id":"https:\/\/campingshippagan.ca\/a-propos-camping-shippagan-attrait-activite-quoi-faire-nouveau-brunswick\/#breadcrumb"},"inLanguage":"en-CA","potentialAction":[{"@type":"ReadAction","target":["https:\/\/campingshippagan.ca\/a-propos-camping-shippagan-attrait-activite-quoi-faire-nouveau-brunswick\/"]}]},{"@type":"ImageObject","inLanguage":"en-CA","@id":"https:\/\/campingshippagan.ca\/a-propos-camping-shippagan-attrait-activite-quoi-faire-nouveau-brunswick\/#primaryimage","url":"https:\/\/campingshippagan.ca\/wp-content\/uploads\/2021\/01\/10580850_10152247104436485_1087787033065503150_o.jpg","contentUrl":"https:\/\/campingshippagan.ca\/wp-content\/uploads\/2021\/01\/10580850_10152247104436485_1087787033065503150_o.jpg"},{"@type":"BreadcrumbList","@id":"https:\/\/campingshippagan.ca\/a-propos-camping-shippagan-attrait-activite-quoi-faire-nouveau-brunswick\/#breadcrumb","itemListElement":[{"@type":"ListItem","position":1,"name":"Accueil","item":"https:\/\/campingshippagan.ca\/"},{"@type":"ListItem","position":2,"name":"\u00c0 propos"}]},{"@type":"WebSite","@id":"https:\/\/campingshippagan.ca\/en\/#website","url":"https:\/\/campingshippagan.ca\/en\/","name":"Camping Shippagan","description":"","publisher":{"@id":"https:\/\/campingshippagan.ca\/en\/#organization"},"potentialAction":[{"@type":"SearchAction","target":{"@type":"EntryPoint","urlTemplate":"https:\/\/campingshippagan.ca\/en\/?s={search_term_string}"},"query-input":{"@type":"PropertyValueSpecification","valueRequired":true,"valueName":"search_term_string"}}],"inLanguage":"en-CA"},{"@type":"Organization","@id":"https:\/\/campingshippagan.ca\/en\/#organization","name":"Camping Shippagan","url":"https:\/\/campingshippagan.ca\/en\/","logo":{"@type":"ImageObject","inLanguage":"en-CA","@id":"https:\/\/campingshippagan.ca\/en\/#\/schema\/logo\/image\/","url":"https:\/\/campingshippagan.ca\/wp-content\/uploads\/2021\/01\/camping_logo_blanc_p.png","contentUrl":"https:\/\/campingshippagan.ca\/wp-content\/uploads\/2021\/01\/camping_logo_blanc_p.png","width":100,"height":87,"caption":"Camping Shippagan"},"image":{"@id":"https:\/\/campingshippagan.ca\/en\/#\/schema\/logo\/image\/"}}]}},"_links":{"self":[{"href":"https:\/\/campingshippagan.ca\/en\/wp-json\/wp\/v2\/pages\/209","targetHints":{"allow":["GET"]}}],"collection":[{"href":"https:\/\/campingshippagan.ca\/en\/wp-json\/wp\/v2\/pages"}],"about":[{"href":"https:\/\/campingshippagan.ca\/en\/wp-json\/wp\/v2\/types\/page"}],"author":[{"embeddable":true,"href":"https:\/\/campingshippagan.ca\/en\/wp-json\/wp\/v2\/users\/1"}],"replies":[{"embeddable":true,"href":"https:\/\/campingshippagan.ca\/en\/wp-json\/wp\/v2\/comments?post=209"}],"version-history":[{"count":58,"href":"https:\/\/campingshippagan.ca\/en\/wp-json\/wp\/v2\/pages\/209\/revisions"}],"predecessor-version":[{"id":2626,"href":"https:\/\/campingshippagan.ca\/en\/wp-json\/wp\/v2\/pages\/209\/revisions\/2626"}],"wp:attachment":[{"href":"https:\/\/campingshippagan.ca\/en\/wp-json\/wp\/v2\/media?parent=209"}],"curies":[{"name":"wp","href":"https:\/\/api.w.org\/{rel}","templated":true}]}}